{"id":39190,"date":"2022-07-04T04:04:39","date_gmt":"2022-07-04T04:04:39","guid":{"rendered":"https:\/\/kodesolution.com\/2022\/cooltech\/?page_id=3"},"modified":"2024-02-13T12:16:30","modified_gmt":"2024-02-13T11:16:30","slug":"privacy-policy","status":"publish","type":"page","link":"https:\/\/www.dgp-groupe.fr\/index.php\/privacy-policy\/","title":{"rendered":"Mentions l\u00e9gales et conditions d&#8217;utilisation"},"content":{"rendered":"\n<h2 class=\"wp-block-heading\"><\/h2>\n\n\n\n<p>Ce site est \u00e9dit\u00e9 par SASU\u00a0<strong>DGP Groupe<\/strong>\u00a0, dont le si\u00e8ge social est 13 rue de la gu\u00e9rini\u00e8re 77174 Villeneuve Saint Denis  au capital de 3 000 \u20ac, immatricul\u00e9e au RCS Meaux 832 550 479.<\/p>\n\n\n\n<p><strong>T\u00e9l\u00e9phone :<\/strong>\u00a006 03 69 76 02<\/p>\n\n\n\n<p><strong>Adresse email :<\/strong>\u00a0contact@dgp-groupe.fr<\/p>\n\n\n\n<p><strong>Ce site est h\u00e9berg\u00e9 par la Soci\u00e9t\u00e9 :<\/strong>&nbsp;OVH 2 rue Kellermann &#8211; 59100 Roubaix &#8211; France T\u00e9l : 0 820 698 765<\/p>\n\n\n\n<h3 class=\"wp-block-heading\">Donn\u00e9es personnelles<\/h3>\n\n\n\n<p>Les donn\u00e9es collect\u00e9es sur notre site sont destin\u00e9es \u00e0\u00a0<strong><strong>DGP Groupe<\/strong><\/strong>, elles sont strictement confidentielles et conserv\u00e9es \u00e0 des fins de gestion de nos relations commerciales, de prospection et de statistiques et ont fait l&#8217;objet de d\u00e9claration aupr\u00e8s de la CNIL.Conform\u00e9ment aux dispositions de la loi \u00ab Informatique et Libert\u00e9s \u00bb du 6 janvier 1978 modifi\u00e9e par la loi du 6 ao\u00fbt 2004, vous disposez d&#8217;un droit d&#8217;acc\u00e8s, de modification, de rectification et de suppression des donn\u00e9es qui vous concernent, aupr\u00e8s de contact@dgp-groupe.fr.<\/p>\n\n\n\n<h3 class=\"wp-block-heading\">Conditions d&#8217;utilisation<\/h3>\n\n\n\n<p>Ce site est soumis \u00e0 la loi fran\u00e7aise. En consultant ce site vous acceptez d&#8217;en respecter les conditions d&#8217;utilisation telles que celles-ci sont affich\u00e9es \u00e0 la date de consultation.<\/p>\n\n\n\n<h3 class=\"wp-block-heading\">Objet du Site<\/h3>\n\n\n\n<p>Le pr\u00e9sent Site diffuse des informations contractuelles et non contractuelles sur les offres de services de\u00a0<strong><strong><strong>DGP Groupe<\/strong><\/strong><\/strong>\u00a0. Dans la mesure o\u00f9 la mise \u00e0 jour du pr\u00e9sent site est r\u00e9alis\u00e9e en tenant compte de l&#8217;ensemble des activit\u00e9s de la soci\u00e9t\u00e9, il pourrait arriver que certaines informations nouvelles ou annonc\u00e9es ne soient plus valables au moment de leur diffusion ou qu&#8217;elles soient tout simplement d\u00e9pass\u00e9es.\u00a0<strong><strong><strong>DGP Groupe<\/strong><\/strong><\/strong>\u00a0ne peut pas garantir, bien qu&#8217;elle fasse les efforts n\u00e9cessaires, la parfaite mise \u00e0 jour de toutes les informations ou nouvelles qui sont diffus\u00e9es sur le pr\u00e9sent site.<\/p>\n\n\n\n<h3 class=\"wp-block-heading\">Respect des droits de propri\u00e9t\u00e9 intellectuelle.<\/h3>\n\n\n\n<p>L&#8217;ensemble du contenu de ce Site (architecture, textes, photos, illustrations et logiciel \u2026) est la propri\u00e9t\u00e9 de\u00a0<strong><strong><strong>DGP Groupe<\/strong><\/strong><\/strong>.<\/p>\n\n\n\n<p>Nous attirons l&#8217;attention des visiteurs sur le fait que des photos, ou des signes particuliers peuvent \u00e9galement constituer des droits de propri\u00e9t\u00e9 intellectuelle.Les marques et logos utilis\u00e9s sur ce site ont \u00e9t\u00e9 d\u00e9pos\u00e9s, leur reproduction constituerait une contrefa\u00e7on.<\/p>\n\n\n\n<p>Tous les droits d&#8217;utilisation sont r\u00e9serv\u00e9s. Conform\u00e9ment \u00e0 l&#8217;article L.122-4 du code de la propri\u00e9t\u00e9 intellectuelle toute repr\u00e9sentation ou reproduction non express\u00e9ment autoris\u00e9e, int\u00e9grale ou partielle et par quelque proc\u00e9d\u00e9 que ce soit serait illicite et constituerait une contrefa\u00e7on sanctionn\u00e9e par les articles L. 335-2 et suivants du code de la propri\u00e9t\u00e9 intellectuelle.<\/p>\n\n\n\n<h3 class=\"wp-block-heading\">Responsabilit\u00e9<\/h3>\n\n\n\n<p><strong><strong><strong>DGP Groupe<\/strong><\/strong><\/strong>\u00a0, ses dirigeants ou salari\u00e9s ne sauraient \u00eatre tenus responsables pour quelque dommage que ce soit provenant d&#8217;une connexion au pr\u00e9sent site.<\/p>\n\n\n\n<p><strong><strong>DGP Groupe<\/strong><\/strong> se r\u00e9serve la possibilit\u00e9 de modification, suspension ou m\u00eame d&#8217;interruption de la diffusion de tout ou partie de ce site et en particulier des liens vers d&#8217;autres sites et\/ou les \u00e9changes entre visiteurs qui seraient diffus\u00e9s.<\/p>\n\n\n\n<p>Les visiteurs s&#8217;engagent \u00e0 ne pas soit volontairement soit m\u00eame involontairement introduire de virus ou de fichier de quelque nature que ce soit perturbant le fonctionnement du site; dans un tel cas ils en assumeraient seuls la responsabilit\u00e9 enti\u00e8re. Dans l&#8217;esprit du respect de tous,\u00a0<strong><strong>DGP Groupe<\/strong><\/strong>\u00a0poursuivra les visiteurs ind\u00e9licats en justice.<\/p>\n\n\n\n<h3 class=\"wp-block-heading\">Collecte d&#8217;Informations Statistiques de Navigation<\/h3>\n\n\n\n<p><strong><strong>DGP Groupe<\/strong><\/strong>\u00a0attire votre attention sur le fait que certaines informations peuvent \u00eatre enregistr\u00e9es par nos serveurs (navigateur utilis\u00e9, adresse IP, \u2026).<\/p>\n\n\n\n<h3 class=\"wp-block-heading\">Collecte et utilisation des donn\u00e9es personnelles<\/h3>\n\n\n\n<p><strong><strong><strong>DGP Groupe<\/strong><\/strong><\/strong>\u00a0n&#8217;exige \u00e0 aucun moment la communication par tout utilisateur de donn\u00e9es personnelles (nom, adresse, adresse \u00e9lectronique, profession\u2026). Toutefois, notamment pour obtenir certaines informations ou recevoir des documents, vous pourrez \u00eatre amen\u00e9s \u00e0 vous inscrire en fournissant certaines donn\u00e9es personnelles.<\/p>\n\n\n\n<p><strong><strong><strong>DGP Groupe<\/strong><\/strong><\/strong>\u00a0vous informe que les donn\u00e9es personnelles que vous pourriez lui communiquer en ligne sont destin\u00e9es au seul usage de\u00a0<strong><strong><strong>DGP Groupe<\/strong><\/strong><\/strong>\u00a0est responsable de leur traitement et de leur conservation. Ces donn\u00e9es ne seront pas communiqu\u00e9es \u00e0 des tiers \u00e0 l&#8217;exclusion des tiers h\u00e9bergeant le site ou intervenant(s) dans son contenu ou sa gestion.<\/p>\n\n\n\n<p><strong><strong><strong>DGP Groupe<\/strong><\/strong><\/strong>\u00a0s&#8217;engage \u00e0 prendre toutes les mesures raisonnables \u00e0 sa disposition pour pr\u00e9server la confidentialit\u00e9 de ces donn\u00e9es personnelles.<\/p>\n\n\n\n<p><strong><strong><strong>DGP Groupe<\/strong><\/strong><\/strong>\u00a0porte \u00e0 votre attention le fait que sa base de donn\u00e9es susceptible de comporter ces donn\u00e9es personnelles a fait l&#8217;objet d&#8217;une d\u00e9claration aupr\u00e8s de la Commission Nationale Informatique et Libert\u00e9 (CNIL).<\/p>\n\n\n\n<p>Par ailleurs,\u00a0<strong><strong><strong>DGP Groupe<\/strong><\/strong><\/strong>\u00a0vous rappelle que conform\u00e9ment \u00e0 la loi relative \u00e0 l&#8217;informatique, aux fichiers et aux libert\u00e9s telle que modifi\u00e9e, vous disposez d&#8217;un droit d&#8217;opposition, d&#8217;acc\u00e8s et de rectification de ces donn\u00e9es personnelles. Vous exercez ce droit \u00e0 tout moment en adressant un email l&#8217;adresse suivante : contact dgp-groupe.fr<\/p>\n\n\n\n<p>A chaque fois que des donn\u00e9es \u00e0 caract\u00e8re personnel seront collect\u00e9es sur le site, les conditions juridiques de collecte et\/ou de modification des donn\u00e9es collect\u00e9es seront express\u00e9ment rappel\u00e9es.<\/p>\n\n\n\n<p><\/p>\n\n\n\n<p><\/p>\n","protected":false},"excerpt":{"rendered":"<p>Ce site est \u00e9dit\u00e9 par SASU\u00a0DGP Groupe\u00a0, dont le si\u00e8ge social est 13 rue de la gu\u00e9rini\u00e8re 77174 Villeneuve Saint&#8230;<\/p>\n","protected":false},"author":1,"featured_media":0,"parent":0,"menu_order":0,"comment_status":"closed","ping_status":"open","template":"","meta":{"footnotes":""},"class_list":["post-39190","page","type-page","status-publish","hentry"],"yoast_head":"<!-- This site is optimized with the Yoast SEO plugin v22.0 - https:\/\/yoast.com\/wordpress\/plugins\/seo\/ -->\n<title>Mentions l\u00e9gales et conditions d&#039;utilisation | DGP Groupe<\/title>\n<meta name=\"robots\" content=\"index, follow, max-snippet:-1, max-image-preview:large, max-video-preview:-1\" \/>\n<link rel=\"canonical\" href=\"https:\/\/www.dgp-groupe.fr\/index.php\/privacy-policy\/\" \/>\n<meta property=\"og:locale\" content=\"en_US\" \/>\n<meta property=\"og:type\" content=\"article\" \/>\n<meta property=\"og:title\" content=\"Mentions l\u00e9gales et conditions d&#039;utilisation | DGP Groupe\" \/>\n<meta property=\"og:description\" content=\"Ce site est \u00e9dit\u00e9 par SASU\u00a0DGP Groupe\u00a0, dont le si\u00e8ge social est 13 rue de la gu\u00e9rini\u00e8re 77174 Villeneuve Saint...\" \/>\n<meta property=\"og:url\" content=\"https:\/\/www.dgp-groupe.fr\/index.php\/privacy-policy\/\" \/>\n<meta property=\"og:site_name\" content=\"DGP Groupe\" \/>\n<meta property=\"article:modified_time\" content=\"2024-02-13T11:16:30+00:00\" \/>\n<meta property=\"og:image\" content=\"https:\/\/www.dgp-groupe.fr\/wp-content\/uploads\/2024\/02\/140140.png\" \/>\n\t<meta property=\"og:image:width\" content=\"140\" \/>\n\t<meta property=\"og:image:height\" content=\"140\" \/>\n\t<meta property=\"og:image:type\" content=\"image\/png\" \/>\n<meta name=\"twitter:card\" content=\"summary_large_image\" \/>\n<meta name=\"twitter:label1\" content=\"Est. reading time\" \/>\n\t<meta name=\"twitter:data1\" content=\"4 minutes\" \/>\n<script type=\"application\/ld+json\" class=\"yoast-schema-graph\">{\"@context\":\"https:\/\/schema.org\",\"@graph\":[{\"@type\":\"WebPage\",\"@id\":\"https:\/\/www.dgp-groupe.fr\/index.php\/privacy-policy\/\",\"url\":\"https:\/\/www.dgp-groupe.fr\/index.php\/privacy-policy\/\",\"name\":\"Mentions l\u00e9gales et conditions d'utilisation | DGP Groupe\",\"isPartOf\":{\"@id\":\"https:\/\/www.dgp-groupe.fr\/#website\"},\"datePublished\":\"2022-07-04T04:04:39+00:00\",\"dateModified\":\"2024-02-13T11:16:30+00:00\",\"breadcrumb\":{\"@id\":\"https:\/\/www.dgp-groupe.fr\/index.php\/privacy-policy\/#breadcrumb\"},\"inLanguage\":\"en-US\",\"potentialAction\":[{\"@type\":\"ReadAction\",\"target\":[\"https:\/\/www.dgp-groupe.fr\/index.php\/privacy-policy\/\"]}]},{\"@type\":\"BreadcrumbList\",\"@id\":\"https:\/\/www.dgp-groupe.fr\/index.php\/privacy-policy\/#breadcrumb\",\"itemListElement\":[{\"@type\":\"ListItem\",\"position\":1,\"name\":\"DGP Groupe\",\"item\":\"https:\/\/www.dgp-groupe.fr\/\"},{\"@type\":\"ListItem\",\"position\":2,\"name\":\"Mentions l\u00e9gales et conditions d&rsquo;utilisation\"}]},{\"@type\":\"WebSite\",\"@id\":\"https:\/\/www.dgp-groupe.fr\/#website\",\"url\":\"https:\/\/www.dgp-groupe.fr\/\",\"name\":\"DGP Groupe\",\"description\":\"Climatisation Chauffagiste \u00e0 Serris - Marne le Vall\u00e9e\",\"publisher\":{\"@id\":\"https:\/\/www.dgp-groupe.fr\/#organization\"},\"potentialAction\":[{\"@type\":\"SearchAction\",\"target\":{\"@type\":\"EntryPoint\",\"urlTemplate\":\"https:\/\/www.dgp-groupe.fr\/?s={search_term_string}\"},\"query-input\":\"required name=search_term_string\"}],\"inLanguage\":\"en-US\"},{\"@type\":[\"Organization\",\"Place\",\"HVACBusiness\"],\"@id\":\"https:\/\/www.dgp-groupe.fr\/#organization\",\"name\":\"DGP Groupe\",\"url\":\"https:\/\/www.dgp-groupe.fr\/\",\"logo\":{\"@id\":\"https:\/\/www.dgp-groupe.fr\/index.php\/privacy-policy\/#local-main-organization-logo\"},\"image\":{\"@id\":\"https:\/\/www.dgp-groupe.fr\/index.php\/privacy-policy\/#local-main-organization-logo\"},\"address\":{\"@id\":\"https:\/\/www.dgp-groupe.fr\/index.php\/privacy-policy\/#local-main-place-address\"},\"geo\":{\"@type\":\"GeoCoordinates\",\"latitude\":\"48.81560\",\"longitude\":\"1.79719\"},\"telephone\":[\"+33603697202\"],\"openingHoursSpecification\":[{\"@type\":\"OpeningHoursSpecification\",\"dayOfWeek\":[\"Monday\",\"Tuesday\",\"Wednesday\",\"Thursday\",\"Friday\"],\"opens\":\"09:00\",\"closes\":\"19:00\"},{\"@type\":\"OpeningHoursSpecification\",\"dayOfWeek\":[\"Saturday\"],\"opens\":\"09:00\",\"closes\":\"18:00\"},{\"@type\":\"OpeningHoursSpecification\",\"dayOfWeek\":[\"Sunday\"],\"opens\":\"00:00\",\"closes\":\"00:00\"}],\"email\":\"contact@dgp-groupe.fr\",\"priceRange\":\"$$\"},{\"@type\":\"PostalAddress\",\"@id\":\"https:\/\/www.dgp-groupe.fr\/index.php\/privacy-policy\/#local-main-place-address\",\"streetAddress\":\"13 rue de la gueriniere\",\"addressLocality\":\"Villeneuve Saint Denis\",\"postalCode\":\"77174\",\"addressRegion\":\"France\",\"addressCountry\":\"FR\"},{\"@type\":\"ImageObject\",\"inLanguage\":\"en-US\",\"@id\":\"https:\/\/www.dgp-groupe.fr\/index.php\/privacy-policy\/#local-main-organization-logo\",\"url\":\"https:\/\/www.dgp-groupe.fr\/wp-content\/uploads\/2024\/02\/2021-02-11.png\",\"contentUrl\":\"https:\/\/www.dgp-groupe.fr\/wp-content\/uploads\/2024\/02\/2021-02-11.png\",\"width\":680,\"height\":383,\"caption\":\"DGP Groupe\"}]}<\/script>\n<meta name=\"geo.placename\" content=\"Villeneuve Saint Denis\" \/>\n<meta name=\"geo.position\" content=\"48.81560;1.79719\" \/>\n<meta name=\"geo.region\" content=\"France\" \/>\n<!-- \/ Yoast SEO plugin. -->","yoast_head_json":{"title":"Mentions l\u00e9gales et conditions d'utilisation | DGP Groupe","robots":{"index":"index","follow":"follow","max-snippet":"max-snippet:-1","max-image-preview":"max-image-preview:large","max-video-preview":"max-video-preview:-1"},"canonical":"https:\/\/www.dgp-groupe.fr\/index.php\/privacy-policy\/","og_locale":"en_US","og_type":"article","og_title":"Mentions l\u00e9gales et conditions d'utilisation | DGP Groupe","og_description":"Ce site est \u00e9dit\u00e9 par SASU\u00a0DGP Groupe\u00a0, dont le si\u00e8ge social est 13 rue de la gu\u00e9rini\u00e8re 77174 Villeneuve Saint...","og_url":"https:\/\/www.dgp-groupe.fr\/index.php\/privacy-policy\/","og_site_name":"DGP Groupe","article_modified_time":"2024-02-13T11:16:30+00:00","og_image":[{"width":140,"height":140,"url":"https:\/\/www.dgp-groupe.fr\/wp-content\/uploads\/2024\/02\/140140.png","type":"image\/png"}],"twitter_card":"summary_large_image","twitter_misc":{"Est. reading time":"4 minutes"},"schema":{"@context":"https:\/\/schema.org","@graph":[{"@type":"WebPage","@id":"https:\/\/www.dgp-groupe.fr\/index.php\/privacy-policy\/","url":"https:\/\/www.dgp-groupe.fr\/index.php\/privacy-policy\/","name":"Mentions l\u00e9gales et conditions d'utilisation | DGP Groupe","isPartOf":{"@id":"https:\/\/www.dgp-groupe.fr\/#website"},"datePublished":"2022-07-04T04:04:39+00:00","dateModified":"2024-02-13T11:16:30+00:00","breadcrumb":{"@id":"https:\/\/www.dgp-groupe.fr\/index.php\/privacy-policy\/#breadcrumb"},"inLanguage":"en-US","potentialAction":[{"@type":"ReadAction","target":["https:\/\/www.dgp-groupe.fr\/index.php\/privacy-policy\/"]}]},{"@type":"BreadcrumbList","@id":"https:\/\/www.dgp-groupe.fr\/index.php\/privacy-policy\/#breadcrumb","itemListElement":[{"@type":"ListItem","position":1,"name":"DGP Groupe","item":"https:\/\/www.dgp-groupe.fr\/"},{"@type":"ListItem","position":2,"name":"Mentions l\u00e9gales et conditions d&rsquo;utilisation"}]},{"@type":"WebSite","@id":"https:\/\/www.dgp-groupe.fr\/#website","url":"https:\/\/www.dgp-groupe.fr\/","name":"DGP Groupe","description":"Climatisation Chauffagiste \u00e0 Serris - Marne le Vall\u00e9e","publisher":{"@id":"https:\/\/www.dgp-groupe.fr\/#organization"},"potentialAction":[{"@type":"SearchAction","target":{"@type":"EntryPoint","urlTemplate":"https:\/\/www.dgp-groupe.fr\/?s={search_term_string}"},"query-input":"required name=search_term_string"}],"inLanguage":"en-US"},{"@type":["Organization","Place","HVACBusiness"],"@id":"https:\/\/www.dgp-groupe.fr\/#organization","name":"DGP Groupe","url":"https:\/\/www.dgp-groupe.fr\/","logo":{"@id":"https:\/\/www.dgp-groupe.fr\/index.php\/privacy-policy\/#local-main-organization-logo"},"image":{"@id":"https:\/\/www.dgp-groupe.fr\/index.php\/privacy-policy\/#local-main-organization-logo"},"address":{"@id":"https:\/\/www.dgp-groupe.fr\/index.php\/privacy-policy\/#local-main-place-address"},"geo":{"@type":"GeoCoordinates","latitude":"48.81560","longitude":"1.79719"},"telephone":["+33603697202"],"openingHoursSpecification":[{"@type":"OpeningHoursSpecification","dayOfWeek":["Monday","Tuesday","Wednesday","Thursday","Friday"],"opens":"09:00","closes":"19:00"},{"@type":"OpeningHoursSpecification","dayOfWeek":["Saturday"],"opens":"09:00","closes":"18:00"},{"@type":"OpeningHoursSpecification","dayOfWeek":["Sunday"],"opens":"00:00","closes":"00:00"}],"email":"contact@dgp-groupe.fr","priceRange":"$$"},{"@type":"PostalAddress","@id":"https:\/\/www.dgp-groupe.fr\/index.php\/privacy-policy\/#local-main-place-address","streetAddress":"13 rue de la gueriniere","addressLocality":"Villeneuve Saint Denis","postalCode":"77174","addressRegion":"France","addressCountry":"FR"},{"@type":"ImageObject","inLanguage":"en-US","@id":"https:\/\/www.dgp-groupe.fr\/index.php\/privacy-policy\/#local-main-organization-logo","url":"https:\/\/www.dgp-groupe.fr\/wp-content\/uploads\/2024\/02\/2021-02-11.png","contentUrl":"https:\/\/www.dgp-groupe.fr\/wp-content\/uploads\/2024\/02\/2021-02-11.png","width":680,"height":383,"caption":"DGP Groupe"}]},"geo.placename":"Villeneuve Saint Denis","geo.position":{"lat":"48.81560","long":"1.79719"},"geo.region":"France"},"_links":{"self":[{"href":"https:\/\/www.dgp-groupe.fr\/index.php\/wp-json\/wp\/v2\/pages\/39190","targetHints":{"allow":["GET"]}}],"collection":[{"href":"https:\/\/www.dgp-groupe.fr\/index.php\/wp-json\/wp\/v2\/pages"}],"about":[{"href":"https:\/\/www.dgp-groupe.fr\/index.php\/wp-json\/wp\/v2\/types\/page"}],"author":[{"embeddable":true,"href":"https:\/\/www.dgp-groupe.fr\/index.php\/wp-json\/wp\/v2\/users\/1"}],"replies":[{"embeddable":true,"href":"https:\/\/www.dgp-groupe.fr\/index.php\/wp-json\/wp\/v2\/comments?post=39190"}],"version-history":[{"count":1,"href":"https:\/\/www.dgp-groupe.fr\/index.php\/wp-json\/wp\/v2\/pages\/39190\/revisions"}],"predecessor-version":[{"id":39602,"href":"https:\/\/www.dgp-groupe.fr\/index.php\/wp-json\/wp\/v2\/pages\/39190\/revisions\/39602"}],"wp:attachment":[{"href":"https:\/\/www.dgp-groupe.fr\/index.php\/wp-json\/wp\/v2\/media?parent=39190"}],"curies":[{"name":"wp","href":"https:\/\/api.w.org\/{rel}","templated":true}]}}